{"id":104123,"date":"2022-01-01T17:51:00","date_gmt":"2022-01-01T16:51:00","guid":{"rendered":"https:\/\/crowdedbits.com\/?page_id=104123"},"modified":"2024-05-05T01:38:51","modified_gmt":"2024-05-05T00:38:51","slug":"imprint","status":"publish","type":"page","link":"https:\/\/ypsilon.dev\/ar\/policies\/imprint\/","title":{"rendered":"\u0645\u0639\u0644\u0648\u0645\u0627\u062a \u0642\u0627\u0646\u0648\u0646\u064a\u0629"},"content":{"rendered":"<p>[et_pb_section fb_built=&#8221;1&#8243; _builder_version=&#8221;4.20.2&#8243; _module_preset=&#8221;default&#8221; background_enable_color=&#8221;off&#8221;][et_pb_row _builder_version=&#8221;4.16&#8243; _module_preset=&#8221;default&#8221; global_colors_info=&#8221;{}&#8221;][et_pb_column type=&#8221;4_4&#8243; _builder_version=&#8221;4.16&#8243; _module_preset=&#8221;default&#8221; global_colors_info=&#8221;{}&#8221;][et_pb_text _builder_version=&#8221;4.22.2&#8243; _module_preset=&#8221;c78be29c-62cf-4b43-b535-ffe14f10652c&#8221; header_2_font_size=&#8221;28px&#8221; header_2_font_size_tablet=&#8221;24px&#8221; header_2_font_size_phone=&#8221;20px&#8221; header_3_font_size_tablet=&#8221;&#8221; header_3_font_size_phone=&#8221;&#8221; header_3_font_size_last_edited=&#8221;on|desktop&#8221; global_colors_info=&#8221;{}&#8221;]<\/p>\n<div style=\"word-wrap: break-word;\">\n<h1 style=\"text-align: left;\">Site Notice<\/h1>\n<h2 style=\"text-align: left;\">Information pursuant to Sect. 5 German Telemedia Act (TMG)<\/h2>\n<p style=\"text-align: left;\">Ypsilon.dev UG (haftungsbeschr\u00e4nkt)<br \/>Abensstar\u00dfe 8<br \/>93059 Regensburg<\/p>\n<p style=\"text-align: left;\">Commercial Register: 19361<br \/>Registration court: Regensburg<\/p>\n<p style=\"text-align: left;\"><strong>Represented by:<\/strong><br \/>Omar Ijbara<\/p>\n<h2 style=\"text-align: left;\">Contact<\/h2>\n<p style=\"text-align: left;\">Phone: +49 941 89790196<br \/>E-mail: info@ypsilon.dev<\/p>\n<h2 style=\"text-align: left;\">VAT ID<\/h2>\n<p style=\"text-align: left;\">Sales tax identification number according to Sect. 27 a of the Sales Tax Law:<br \/>DE354418129<\/p>\n<h2 style=\"text-align: left;\">Information regarding professional liability insurance<\/h2>\n<p style=\"text-align: left;\"><strong>Name and registered office of the insurer:<\/strong><br \/>Name und Sitz des Versicherers:<br \/>Allianz Deutschland AG<br \/>K\u00f6niginstra\u00dfe 28<br \/>80802 M\u00fcnchen<\/p>\n<p style=\"text-align: left;\"><strong>Scope of insurance:<\/strong><br \/>Deutschland<\/p>\n<h2 style=\"text-align: left;\">Person responsible for editorial<\/h2>\n<p style=\"text-align: left;\">Omar Ijbara<br \/>c\/o Ypsilon.dev UG<br \/>Abensstar\u00dfe 8<br \/>93059 Regensburg<\/p>\n<h2 style=\"text-align: left;\">EU dispute resolution<\/h2>\n<p style=\"text-align: left;\">The European Commission provides a platform for online dispute resolution (ODR): <a href=\"https:\/\/ec.europa.eu\/consumers\/odr\/\" target=\"_blank\" rel=\"noopener noreferrer\">https:\/\/ec.europa.eu\/consumers\/odr\/<\/a>.<br \/>Our e-mail address can be found above in the site notice.<\/p>\n<h2 style=\"text-align: left;\">Dispute resolution proceedings in front of a consumer arbitration board<\/h2>\n<p style=\"text-align: left;\">We are not willing or obliged to participate in dispute resolution proceedings in front of a consumer arbitration board.<\/p>\n<\/div>\n<p>[\/et_pb_text][\/et_pb_column][\/et_pb_row][\/et_pb_section]<\/p>\n","protected":false},"excerpt":{"rendered":"<p>Site Notice Information pursuant to Sect. 5 German Telemedia Act (TMG) Ypsilon.dev UG (haftungsbeschr\u00e4nkt)Abensstar\u00dfe 893059 Regensburg Commercial Register: 19361Registration court: Regensburg Represented by:Omar Ijbara Contact Phone: +49 941 89790196E-mail: info@ypsilon.dev VAT ID Sales tax identification number according to Sect. 27 a of the Sales Tax Law:DE354418129 Information regarding professional liability insurance Name and registered office of the insurer:Name und Sitz des Versicherers:Allianz Deutschland AGK\u00f6niginstra\u00dfe 2880802 M\u00fcnchen Scope of insurance:Deutschland Person responsible for editorial Omar Ijbarac\/o Ypsilon.dev UGAbensstar\u00dfe 893059 Regensburg EU dispute resolution The European Commission provides a platform for online dispute resolution (ODR): https:\/\/ec.europa.eu\/consumers\/odr\/.Our e-mail address can be found above in the site notice. Dispute resolution proceedings in front of a consumer arbitration board We are not willing or obliged to participate in dispute resolution proceedings in front of a consumer arbitration board.<\/p>\n","protected":false},"author":3,"featured_media":0,"parent":106552,"menu_order":0,"comment_status":"closed","ping_status":"closed","template":"","meta":{"_acf_changed":false,"_et_pb_use_builder":"on","_et_pb_old_content":"","_et_gb_content_width":"","footnotes":""},"class_list":["post-104123","page","type-page","status-publish","hentry"],"acf":[],"_links":{"self":[{"href":"https:\/\/ypsilon.dev\/ar\/wp-json\/wp\/v2\/pages\/104123","targetHints":{"allow":["GET"]}}],"collection":[{"href":"https:\/\/ypsilon.dev\/ar\/wp-json\/wp\/v2\/pages"}],"about":[{"href":"https:\/\/ypsilon.dev\/ar\/wp-json\/wp\/v2\/types\/page"}],"author":[{"embeddable":true,"href":"https:\/\/ypsilon.dev\/ar\/wp-json\/wp\/v2\/users\/3"}],"replies":[{"embeddable":true,"href":"https:\/\/ypsilon.dev\/ar\/wp-json\/wp\/v2\/comments?post=104123"}],"version-history":[{"count":0,"href":"https:\/\/ypsilon.dev\/ar\/wp-json\/wp\/v2\/pages\/104123\/revisions"}],"up":[{"embeddable":true,"href":"https:\/\/ypsilon.dev\/ar\/wp-json\/wp\/v2\/pages\/106552"}],"wp:attachment":[{"href":"https:\/\/ypsilon.dev\/ar\/wp-json\/wp\/v2\/media?parent=104123"}],"curies":[{"name":"wp","href":"https:\/\/api.w.org\/{rel}","templated":true}]}}